{"id":3402,"date":"2021-06-15T08:42:39","date_gmt":"2021-06-15T06:42:39","guid":{"rendered":"https:\/\/cala-murada.villas\/?page_id=3402"},"modified":"2024-12-04T18:12:55","modified_gmt":"2024-12-04T17:12:55","slug":"reserva-ocupacion","status":"publish","type":"page","link":"https:\/\/cala-murada.villas\/es\/reserva-ocupacion\/","title":{"rendered":"Reserva \/ Ocupaci\u00f3n"},"content":{"rendered":"<div style=\"width: 50%;\">\n<header><\/header>\n<p><span style=\"color: inherit; font-family: inherit; font-size: 1.2em;\">Reservar la Villa Carolina<\/span><\/p>\n<\/div>\n<div style=\"width: 50%;\">\n<hr \/>\n<\/div>\n<h4>El calendario de reservas en l\u00ednea no est\u00e1 disponible actualmente. Para cualquier consulta sobre reservas u ocupaci\u00f3n, p\u00f3ngase en contacto con nosotros en la pesta\u00f1a \u00abContacto\u00bb.<\/h4>\n<p><a class=\"btn btn-primary\" href=\"https:\/\/cala-murada.villas\/kontakt\/\" target=\"_blank\" rel=\"noopener\"> Contacto<\/a><\/p>\n<h3><\/h3>\n\n","protected":false},"excerpt":{"rendered":"<p>Reservar la Villa Carolina El calendario de reservas en l\u00ednea no est\u00e1 disponible actualmente. Para cualquier consulta sobre reservas u ocupaci\u00f3n, p\u00f3ngase en contacto con nosotros en la pesta\u00f1a \u00abContacto\u00bb. Contacto<\/p>\n","protected":false},"author":7,"featured_media":0,"parent":0,"menu_order":0,"comment_status":"closed","ping_status":"closed","template":"","meta":{"footnotes":""},"acf":[],"yoast_head":"<!-- This site is optimized with the Yoast SEO plugin v20.9 - https:\/\/yoast.com\/wordpress\/plugins\/seo\/ -->\n<title>Reserva \/ Ocupaci\u00f3n - cala-murada<\/title>\n<meta name=\"description\" content=\"Ferienh\u00e4user\" \/>\n<meta name=\"robots\" content=\"index, follow, max-snippet:-1, max-image-preview:large, max-video-preview:-1\" \/>\n<link rel=\"canonical\" href=\"https:\/\/cala-murada.villas\/es\/reserva-ocupacion\/\" \/>\n<meta property=\"og:locale\" content=\"es_ES\" \/>\n<meta property=\"og:type\" content=\"article\" \/>\n<meta property=\"og:title\" content=\"Reserva \/ Ocupaci\u00f3n - cala-murada\" \/>\n<meta property=\"og:description\" content=\"Ferienh\u00e4user\" \/>\n<meta property=\"og:url\" content=\"https:\/\/cala-murada.villas\/es\/reserva-ocupacion\/\" \/>\n<meta property=\"og:site_name\" content=\"cala-murada\" \/>\n<meta property=\"article:modified_time\" content=\"2024-12-04T17:12:55+00:00\" \/>\n<meta name=\"twitter:card\" content=\"summary_large_image\" \/>\n<meta name=\"twitter:label1\" content=\"Tiempo de lectura\" \/>\n\t<meta name=\"twitter:data1\" content=\"1 minuto\" \/>\n<script type=\"application\/ld+json\" class=\"yoast-schema-graph\">{\"@context\":\"https:\/\/schema.org\",\"@graph\":[{\"@type\":\"WebPage\",\"@id\":\"https:\/\/cala-murada.villas\/es\/reserva-ocupacion\/\",\"url\":\"https:\/\/cala-murada.villas\/es\/reserva-ocupacion\/\",\"name\":\"Reserva \/ Ocupaci\u00f3n - cala-murada\",\"isPartOf\":{\"@id\":\"https:\/\/cala-murada.villas\/es\/#website\"},\"datePublished\":\"2021-06-15T06:42:39+00:00\",\"dateModified\":\"2024-12-04T17:12:55+00:00\",\"description\":\"Ferienh\u00e4user\",\"breadcrumb\":{\"@id\":\"https:\/\/cala-murada.villas\/es\/reserva-ocupacion\/#breadcrumb\"},\"inLanguage\":\"es\",\"potentialAction\":[{\"@type\":\"ReadAction\",\"target\":[\"https:\/\/cala-murada.villas\/es\/reserva-ocupacion\/\"]}]},{\"@type\":\"BreadcrumbList\",\"@id\":\"https:\/\/cala-murada.villas\/es\/reserva-ocupacion\/#breadcrumb\",\"itemListElement\":[{\"@type\":\"ListItem\",\"position\":1,\"name\":\"Startseite\",\"item\":\"https:\/\/cala-murada.villas\/es\/\"},{\"@type\":\"ListItem\",\"position\":2,\"name\":\"Reserva \/ Ocupaci\u00f3n\"}]},{\"@type\":\"WebSite\",\"@id\":\"https:\/\/cala-murada.villas\/es\/#website\",\"url\":\"https:\/\/cala-murada.villas\/es\/\",\"name\":\"cala-murada\",\"description\":\"Legen\u2026 wait for it\u2026 Dary!\",\"publisher\":{\"@id\":\"https:\/\/cala-murada.villas\/es\/#organization\"},\"potentialAction\":[{\"@type\":\"SearchAction\",\"target\":{\"@type\":\"EntryPoint\",\"urlTemplate\":\"https:\/\/cala-murada.villas\/es\/?s={search_term_string}\"},\"query-input\":\"required name=search_term_string\"}],\"inLanguage\":\"es\"},{\"@type\":\"Organization\",\"@id\":\"https:\/\/cala-murada.villas\/es\/#organization\",\"name\":\"Cala-Murada Ferienh\u00e4user\",\"url\":\"https:\/\/cala-murada.villas\/es\/\",\"logo\":{\"@type\":\"ImageObject\",\"inLanguage\":\"es\",\"@id\":\"https:\/\/cala-murada.villas\/es\/#\/schema\/logo\/image\/\",\"url\":\"https:\/\/cala-murada.villas\/wp-content\/uploads\/VCM_Wortmarke.svg\",\"contentUrl\":\"https:\/\/cala-murada.villas\/wp-content\/uploads\/VCM_Wortmarke.svg\",\"width\":1,\"height\":1,\"caption\":\"Cala-Murada Ferienh\u00e4user\"},\"image\":{\"@id\":\"https:\/\/cala-murada.villas\/es\/#\/schema\/logo\/image\/\"}}]}<\/script>\n<!-- \/ Yoast SEO plugin. -->","yoast_head_json":{"title":"Reserva \/ Ocupaci\u00f3n - cala-murada","description":"Ferienh\u00e4user","robots":{"index":"index","follow":"follow","max-snippet":"max-snippet:-1","max-image-preview":"max-image-preview:large","max-video-preview":"max-video-preview:-1"},"canonical":"https:\/\/cala-murada.villas\/es\/reserva-ocupacion\/","og_locale":"es_ES","og_type":"article","og_title":"Reserva \/ Ocupaci\u00f3n - cala-murada","og_description":"Ferienh\u00e4user","og_url":"https:\/\/cala-murada.villas\/es\/reserva-ocupacion\/","og_site_name":"cala-murada","article_modified_time":"2024-12-04T17:12:55+00:00","twitter_card":"summary_large_image","twitter_misc":{"Tiempo de lectura":"1 minuto"},"schema":{"@context":"https:\/\/schema.org","@graph":[{"@type":"WebPage","@id":"https:\/\/cala-murada.villas\/es\/reserva-ocupacion\/","url":"https:\/\/cala-murada.villas\/es\/reserva-ocupacion\/","name":"Reserva \/ Ocupaci\u00f3n - cala-murada","isPartOf":{"@id":"https:\/\/cala-murada.villas\/es\/#website"},"datePublished":"2021-06-15T06:42:39+00:00","dateModified":"2024-12-04T17:12:55+00:00","description":"Ferienh\u00e4user","breadcrumb":{"@id":"https:\/\/cala-murada.villas\/es\/reserva-ocupacion\/#breadcrumb"},"inLanguage":"es","potentialAction":[{"@type":"ReadAction","target":["https:\/\/cala-murada.villas\/es\/reserva-ocupacion\/"]}]},{"@type":"BreadcrumbList","@id":"https:\/\/cala-murada.villas\/es\/reserva-ocupacion\/#breadcrumb","itemListElement":[{"@type":"ListItem","position":1,"name":"Startseite","item":"https:\/\/cala-murada.villas\/es\/"},{"@type":"ListItem","position":2,"name":"Reserva \/ Ocupaci\u00f3n"}]},{"@type":"WebSite","@id":"https:\/\/cala-murada.villas\/es\/#website","url":"https:\/\/cala-murada.villas\/es\/","name":"cala-murada","description":"Legen\u2026 wait for it\u2026 Dary!","publisher":{"@id":"https:\/\/cala-murada.villas\/es\/#organization"},"potentialAction":[{"@type":"SearchAction","target":{"@type":"EntryPoint","urlTemplate":"https:\/\/cala-murada.villas\/es\/?s={search_term_string}"},"query-input":"required name=search_term_string"}],"inLanguage":"es"},{"@type":"Organization","@id":"https:\/\/cala-murada.villas\/es\/#organization","name":"Cala-Murada Ferienh\u00e4user","url":"https:\/\/cala-murada.villas\/es\/","logo":{"@type":"ImageObject","inLanguage":"es","@id":"https:\/\/cala-murada.villas\/es\/#\/schema\/logo\/image\/","url":"https:\/\/cala-murada.villas\/wp-content\/uploads\/VCM_Wortmarke.svg","contentUrl":"https:\/\/cala-murada.villas\/wp-content\/uploads\/VCM_Wortmarke.svg","width":1,"height":1,"caption":"Cala-Murada Ferienh\u00e4user"},"image":{"@id":"https:\/\/cala-murada.villas\/es\/#\/schema\/logo\/image\/"}}]}},"_links":{"self":[{"href":"https:\/\/cala-murada.villas\/es\/wp-json\/wp\/v2\/pages\/3402"}],"collection":[{"href":"https:\/\/cala-murada.villas\/es\/wp-json\/wp\/v2\/pages"}],"about":[{"href":"https:\/\/cala-murada.villas\/es\/wp-json\/wp\/v2\/types\/page"}],"author":[{"embeddable":true,"href":"https:\/\/cala-murada.villas\/es\/wp-json\/wp\/v2\/users\/7"}],"replies":[{"embeddable":true,"href":"https:\/\/cala-murada.villas\/es\/wp-json\/wp\/v2\/comments?post=3402"}],"version-history":[{"count":10,"href":"https:\/\/cala-murada.villas\/es\/wp-json\/wp\/v2\/pages\/3402\/revisions"}],"predecessor-version":[{"id":3904,"href":"https:\/\/cala-murada.villas\/es\/wp-json\/wp\/v2\/pages\/3402\/revisions\/3904"}],"wp:attachment":[{"href":"https:\/\/cala-murada.villas\/es\/wp-json\/wp\/v2\/media?parent=3402"}],"curies":[{"name":"wp","href":"https:\/\/api.w.org\/{rel}","templated":true}]}}